{"id":21,"date":"2024-04-09T23:30:12","date_gmt":"2024-04-09T21:30:12","guid":{"rendered":"https:\/\/bloome.media\/?page_id=21"},"modified":"2024-06-16T18:46:59","modified_gmt":"2024-06-16T16:46:59","slug":"contact","status":"publish","type":"page","link":"https:\/\/bloome.media\/index.php\/contact\/","title":{"rendered":"Contact"},"content":{"rendered":"\t\t<div data-elementor-type=\"wp-page\" data-elementor-id=\"21\" class=\"elementor elementor-21\">\n\t\t\t\t<div class=\"elementor-element elementor-element-7da8526 e-con-full e-flex e-con e-parent\" data-id=\"7da8526\" data-element_type=\"container\" data-settings=\"{&quot;background_background&quot;:&quot;classic&quot;}\">\n\t\t\t\t<div class=\"elementor-element elementor-element-1a912cd elementor-widget-mobile__width-inherit elementor-widget elementor-widget-spacer\" data-id=\"1a912cd\" data-element_type=\"widget\" data-widget_type=\"spacer.default\">\n\t\t\t\t<div class=\"elementor-widget-container\">\n\t\t\t<style>\/*! elementor - v3.21.0 - 08-05-2024 *\/\n.elementor-column .elementor-spacer-inner{height:var(--spacer-size)}.e-con{--container-widget-width:100%}.e-con-inner>.elementor-widget-spacer,.e-con>.elementor-widget-spacer{width:var(--container-widget-width,var(--spacer-size));--align-self:var(--container-widget-align-self,initial);--flex-shrink:0}.e-con-inner>.elementor-widget-spacer>.elementor-widget-container,.e-con>.elementor-widget-spacer>.elementor-widget-container{height:100%;width:100%}.e-con-inner>.elementor-widget-spacer>.elementor-widget-container>.elementor-spacer,.e-con>.elementor-widget-spacer>.elementor-widget-container>.elementor-spacer{height:100%}.e-con-inner>.elementor-widget-spacer>.elementor-widget-container>.elementor-spacer>.elementor-spacer-inner,.e-con>.elementor-widget-spacer>.elementor-widget-container>.elementor-spacer>.elementor-spacer-inner{height:var(--container-widget-height,var(--spacer-size))}.e-con-inner>.elementor-widget-spacer.elementor-widget-empty,.e-con>.elementor-widget-spacer.elementor-widget-empty{position:relative;min-height:22px;min-width:22px}.e-con-inner>.elementor-widget-spacer.elementor-widget-empty .elementor-widget-empty-icon,.e-con>.elementor-widget-spacer.elementor-widget-empty .elementor-widget-empty-icon{position:absolute;top:0;bottom:0;left:0;right:0;margin:auto;padding:0;width:22px;height:22px}<\/style>\t\t<div class=\"elementor-spacer\">\n\t\t\t<div class=\"elementor-spacer-inner\"><\/div>\n\t\t<\/div>\n\t\t\t\t<\/div>\n\t\t\t\t<\/div>\n\t\t\t\t<div class=\"elementor-element elementor-element-2a282bb elementor-widget__width-inherit elementor-widget-mobile__width-inherit elementor-widget elementor-widget-image\" data-id=\"2a282bb\" data-element_type=\"widget\" data-widget_type=\"image.default\">\n\t\t\t\t<div class=\"elementor-widget-container\">\n\t\t\t<style>\/*! elementor - v3.21.0 - 08-05-2024 *\/\n.elementor-widget-image{text-align:center}.elementor-widget-image a{display:inline-block}.elementor-widget-image a img[src$=\".svg\"]{width:48px}.elementor-widget-image img{vertical-align:middle;display:inline-block}<\/style>\t\t\t\t\t\t\t\t\t\t<img fetchpriority=\"high\" decoding=\"async\" width=\"1920\" height=\"1080\" src=\"https:\/\/bloome.media\/wp-content\/uploads\/2024\/06\/Contact.jpg\" class=\"attachment-full size-full wp-image-1288\" alt=\"\" srcset=\"https:\/\/bloome.media\/wp-content\/uploads\/2024\/06\/Contact.jpg 1920w, https:\/\/bloome.media\/wp-content\/uploads\/2024\/06\/Contact-300x169.jpg 300w, https:\/\/bloome.media\/wp-content\/uploads\/2024\/06\/Contact-1024x576.jpg 1024w, https:\/\/bloome.media\/wp-content\/uploads\/2024\/06\/Contact-768x432.jpg 768w, https:\/\/bloome.media\/wp-content\/uploads\/2024\/06\/Contact-1536x864.jpg 1536w, https:\/\/bloome.media\/wp-content\/uploads\/2024\/06\/Contact-800x450.jpg 800w\" sizes=\"(max-width: 1920px) 100vw, 1920px\" \/>\t\t\t\t\t\t\t\t\t\t\t\t\t<\/div>\n\t\t\t\t<\/div>\n\t\t\t\t<\/div>\n\t\t<div class=\"elementor-element elementor-element-3b6d5f7d e-con-full e-flex e-con e-parent\" data-id=\"3b6d5f7d\" data-element_type=\"container\" data-settings=\"{&quot;background_background&quot;:&quot;classic&quot;}\">\n\t\t<div class=\"elementor-element elementor-element-184533ea e-con-full e-flex e-con e-child\" data-id=\"184533ea\" data-element_type=\"container\">\n\t\t\t\t<div class=\"elementor-element elementor-element-7b003c6c elementor-widget elementor-widget-heading\" data-id=\"7b003c6c\" data-element_type=\"widget\" data-widget_type=\"heading.default\">\n\t\t\t\t<div class=\"elementor-widget-container\">\n\t\t\t<style>\/*! elementor - v3.21.0 - 08-05-2024 *\/\n.elementor-heading-title{padding:0;margin:0;line-height:1}.elementor-widget-heading .elementor-heading-title[class*=elementor-size-]>a{color:inherit;font-size:inherit;line-height:inherit}.elementor-widget-heading .elementor-heading-title.elementor-size-small{font-size:15px}.elementor-widget-heading .elementor-heading-title.elementor-size-medium{font-size:19px}.elementor-widget-heading .elementor-heading-title.elementor-size-large{font-size:29px}.elementor-widget-heading .elementor-heading-title.elementor-size-xl{font-size:39px}.elementor-widget-heading .elementor-heading-title.elementor-size-xxl{font-size:59px}<\/style><h1 class=\"elementor-heading-title elementor-size-default\">D\u00e9veloppez votre projet \u00e0 nos c\u00f4t\u00e9s.<\/h1>\t\t<\/div>\n\t\t\t\t<\/div>\n\t\t\t\t<div class=\"elementor-element elementor-element-1e3c2918 elementor-widget elementor-widget-text-editor\" data-id=\"1e3c2918\" data-element_type=\"widget\" data-widget_type=\"text-editor.default\">\n\t\t\t\t<div class=\"elementor-widget-container\">\n\t\t\t<style>\/*! elementor - v3.21.0 - 08-05-2024 *\/\n.elementor-widget-text-editor.elementor-drop-cap-view-stacked .elementor-drop-cap{background-color:#69727d;color:#fff}.elementor-widget-text-editor.elementor-drop-cap-view-framed .elementor-drop-cap{color:#69727d;border:3px solid;background-color:transparent}.elementor-widget-text-editor:not(.elementor-drop-cap-view-default) .elementor-drop-cap{margin-top:8px}.elementor-widget-text-editor:not(.elementor-drop-cap-view-default) .elementor-drop-cap-letter{width:1em;height:1em}.elementor-widget-text-editor .elementor-drop-cap{float:left;text-align:center;line-height:1;font-size:50px}.elementor-widget-text-editor .elementor-drop-cap-letter{display:inline-block}<\/style>\t\t\t\t<p>Ecrivez-nous et recevez une r\u00e9ponse en moins de 24h.<\/p>\t\t\t\t\t\t<\/div>\n\t\t\t\t<\/div>\n\t\t\t\t<\/div>\n\t\t<div class=\"elementor-element elementor-element-76e52e51 e-con-full e-flex e-con e-child\" data-id=\"76e52e51\" data-element_type=\"container\">\n\t\t\t\t<div class=\"elementor-element elementor-element-6b8f1cc elementor-widget elementor-widget-formidable\" data-id=\"6b8f1cc\" data-element_type=\"widget\" data-widget_type=\"formidable.default\">\n\t\t\t\t<div class=\"elementor-widget-container\">\n\t\t\t<div class=\"frm_forms  with_frm_style frm_style_style-formidable\" id=\"frm_form_1_container\" >\n<form enctype=\"multipart\/form-data\" method=\"post\" class=\"frm-show-form \" id=\"form_formulairedecontact\"  >\n<div class=\"frm_form_fields \">\n<fieldset>\n<legend class=\"frm_screen_reader\">Nous contacter<\/legend>\r\n\r\n<div class=\"frm_fields_container\">\n<input type=\"hidden\" name=\"frm_action\" value=\"create\" \/>\n<input type=\"hidden\" name=\"form_id\" value=\"1\" \/>\n<input type=\"hidden\" name=\"frm_hide_fields_1\" id=\"frm_hide_fields_1\" value=\"\" \/>\n<input type=\"hidden\" name=\"form_key\" value=\"formulairedecontact\" \/>\n<input type=\"hidden\" name=\"item_meta[0]\" value=\"\" \/>\n<input type=\"hidden\" id=\"frm_submit_entry_1\" name=\"frm_submit_entry_1\" value=\"9281de5c14\" \/><input type=\"hidden\" name=\"_wp_http_referer\" value=\"\/index.php\/wp-json\/wp\/v2\/pages\/21\" \/><div id=\"frm_field_1_container\" class=\"frm_form_field form-field  frm_required_field frm_top_container frm_first frm_half\">\r\n    <label for=\"field_qh4icy\" id=\"field_qh4icy_label\" class=\"frm_primary_label\">Vous \u00eates \r\n        <span class=\"frm_required\" aria-hidden=\"true\"><\/span>\r\n    <\/label>\r\n    <input type=\"text\" id=\"field_qh4icy\" name=\"item_meta[1]\" value=\"\"  data-reqmsg=\"[nom_de_champ] ne peut pas \u00eatre vide.\" aria-required=\"true\" data-invmsg=\"[nom_de_champ] n&#039;est pas valide\" aria-invalid=\"false\"  \/>\r\n    \r\n    \r\n<\/div>\n<div id=\"frm_field_2_container\" class=\"frm_form_field form-field  frm_required_field frm_top_container frm_half\">\r\n    <label for=\"field_ocfup1\" id=\"field_ocfup1_label\" class=\"frm_primary_label\">Entreprise \r\n        <span class=\"frm_required\" aria-hidden=\"true\"><\/span>\r\n    <\/label>\r\n    <input type=\"text\" id=\"field_ocfup1\" name=\"item_meta[2]\" value=\"\"  data-reqmsg=\"[nom_de_champ] ne peut pas \u00eatre vide.\" aria-required=\"true\" data-invmsg=\"[nom_de_champ] n&#039;est pas valide\" aria-invalid=\"false\"  \/>\r\n    \r\n    \r\n<\/div>\n<div id=\"frm_field_3_container\" class=\"frm_form_field form-field  frm_required_field frm_top_container frm_full\">\r\n    <label for=\"field_29yf4d\" id=\"field_29yf4d_label\" class=\"frm_primary_label\">Votre e-mail\r\n        <span class=\"frm_required\" aria-hidden=\"true\"><\/span>\r\n    <\/label>\r\n    <input type=\"email\" id=\"field_29yf4d\" name=\"item_meta[3]\" value=\"\"  data-reqmsg=\"Votre e-mail cannot be blank.\" aria-required=\"true\" data-invmsg=\"Please enter a valid email address\" aria-invalid=\"false\"  \/>\r\n    \r\n    \r\n<\/div>\n<div id=\"frm_field_4_container\" class=\"frm_form_field form-field  frm_required_field frm_top_container frm_full\">\r\n    <label for=\"field_e6lis6\" id=\"field_e6lis6_label\" class=\"frm_primary_label\">Sujet\r\n        <span class=\"frm_required\" aria-hidden=\"true\"><\/span>\r\n    <\/label>\r\n    <input type=\"text\" id=\"field_e6lis6\" name=\"item_meta[4]\" value=\"\"  data-reqmsg=\"Sujet cannot be blank.\" aria-required=\"true\" data-invmsg=\"Sujet is invalid\" aria-invalid=\"false\"  \/>\r\n    \r\n    \r\n<\/div>\n<div id=\"frm_field_5_container\" class=\"frm_form_field form-field  frm_required_field frm_top_container frm_full\">\r\n    <label for=\"field_9jv0r1\" id=\"field_9jv0r1_label\" class=\"frm_primary_label\">Message\r\n        <span class=\"frm_required\" aria-hidden=\"true\"><\/span>\r\n    <\/label>\r\n    <textarea name=\"item_meta[5]\" id=\"field_9jv0r1\"  data-reqmsg=\"Message cannot be blank.\" aria-required=\"true\" data-invmsg=\"Message is invalid\" aria-invalid=\"false\"  ><\/textarea>\r\n    \r\n    \r\n<\/div>\n<div id=\"frm_field_12_container\" class=\"frm_form_field form-field \">\r\n\t<div class=\"frm_submit frm_flex\">\r\n<button class=\"frm_button_submit\" type=\"submit\"  >Envoyer<\/button>\r\n\r\n\r\n\r\n<\/div>\r\n<\/div>\n\t<input type=\"hidden\" name=\"item_key\" value=\"\" \/>\n\t\t\t\t<div class=\"frm__66159ce3ca04d\">\n\t\t\t\t<label for=\"frm_email_1\" >\n\t\t\t\t\tIf you are human, leave this field blank.\t\t\t\t<\/label>\n\t\t\t\t<input  id=\"frm_email_1\" type=\"text\" class=\"frm_verify\" name=\"frm__66159ce3ca04d\" value=\"\" autocomplete=\"false\"  \/>\n\t\t\t<\/div>\n\t\t<\/div>\n<\/fieldset>\n<\/div>\n<\/form>\n<\/div>\n\t\t<\/div>\n\t\t\t\t<\/div>\n\t\t\t\t<\/div>\n\t\t\t\t<\/div>\n\t\t<div class=\"elementor-element elementor-element-50dc1cc1 e-flex e-con-boxed e-con e-parent\" data-id=\"50dc1cc1\" data-element_type=\"container\" data-settings=\"{&quot;background_background&quot;:&quot;classic&quot;,&quot;shape_divider_top&quot;:&quot;arrow&quot;}\">\n\t\t\t\t\t<div class=\"e-con-inner\">\n\t\t\t\t<div class=\"elementor-shape elementor-shape-top\" data-negative=\"false\">\n\t\t\t<svg xmlns=\"http:\/\/www.w3.org\/2000\/svg\" viewBox=\"0 0 700 10\" preserveAspectRatio=\"none\">\n\t<path class=\"elementor-shape-fill\" d=\"M350,10L340,0h20L350,10z\"\/>\n<\/svg>\t\t<\/div>\n\t\t<div class=\"elementor-element elementor-element-47b5a8ff e-con-full e-flex e-con e-child\" data-id=\"47b5a8ff\" data-element_type=\"container\">\n\t\t\t\t<div class=\"elementor-element elementor-element-59e3d7d elementor-widget elementor-widget-google_maps\" data-id=\"59e3d7d\" data-element_type=\"widget\" data-widget_type=\"google_maps.default\">\n\t\t\t\t<div class=\"elementor-widget-container\">\n\t\t\t<style>\/*! elementor - v3.21.0 - 08-05-2024 *\/\n.elementor-widget-google_maps .elementor-widget-container{overflow:hidden}.elementor-widget-google_maps .elementor-custom-embed{line-height:0}.elementor-widget-google_maps iframe{height:300px}<\/style>\t\t<div class=\"elementor-custom-embed\">\n\t\t\t<iframe loading=\"lazy\"\n\t\t\t\t\tsrc=\"https:\/\/maps.google.com\/maps?q=16%20rue%20cuvier%20lyon%20&#038;t=m&#038;z=14&#038;output=embed&#038;iwloc=near\"\n\t\t\t\t\ttitle=\"16 rue cuvier lyon \"\n\t\t\t\t\taria-label=\"16 rue cuvier lyon \"\n\t\t\t><\/iframe>\n\t\t<\/div>\n\t\t\t\t<\/div>\n\t\t\t\t<\/div>\n\t\t\t\t<\/div>\n\t\t<div class=\"elementor-element elementor-element-65544814 e-con-full e-flex e-con e-child\" data-id=\"65544814\" data-element_type=\"container\">\n\t\t\t\t<div class=\"elementor-element elementor-element-47bf8eef elementor-widget elementor-widget-heading\" data-id=\"47bf8eef\" data-element_type=\"widget\" data-widget_type=\"heading.default\">\n\t\t\t\t<div class=\"elementor-widget-container\">\n\t\t\t<h3 class=\"elementor-heading-title elementor-size-default\">Localisation<\/h3>\t\t<\/div>\n\t\t\t\t<\/div>\n\t\t\t\t<div class=\"elementor-element elementor-element-51c174bf elementor-widget elementor-widget-text-editor\" data-id=\"51c174bf\" data-element_type=\"widget\" data-widget_type=\"text-editor.default\">\n\t\t\t\t<div class=\"elementor-widget-container\">\n\t\t\t\t\t\t\t<p><strong>Adresse<\/strong> : 16 rue cuvier, 69006, Lyon<\/p>\t\t\t\t\t\t<\/div>\n\t\t\t\t<\/div>\n\t\t\t\t<\/div>\n\t\t\t\t\t<\/div>\n\t\t\t\t<\/div>\n\t\t\t\t<\/div>\n\t\t","protected":false},"excerpt":{"rendered":"<p>D\u00e9veloppez votre projet \u00e0 nos c\u00f4t\u00e9s. Ecrivez-nous et recevez une r\u00e9ponse en moins de 24h. Nous contacter Vous \u00eates Entreprise Votre e-mail Sujet Message Envoyer If you are human, leave this field blank. Localisation Adresse : 16 rue cuvier, 69006, Lyon<\/p>\n","protected":false},"author":1,"featured_media":0,"parent":0,"menu_order":0,"comment_status":"closed","ping_status":"closed","template":"elementor_header_footer","meta":{"ca_portfolio_gallery_project_year":"","ca_portfolio_gallery_client":"","ca_portfolio_gallery_skills":"","ca_portfolio_gallery_url":"","ocean_post_layout":"","ocean_both_sidebars_style":"","ocean_both_sidebars_content_width":0,"ocean_both_sidebars_sidebars_width":0,"ocean_sidebar":"","ocean_second_sidebar":"","ocean_disable_margins":"enable","ocean_add_body_class":"","ocean_shortcode_before_top_bar":"","ocean_shortcode_after_top_bar":"","ocean_shortcode_before_header":"","ocean_shortcode_after_header":"","ocean_has_shortcode":"","ocean_shortcode_after_title":"","ocean_shortcode_before_footer_widgets":"","ocean_shortcode_after_footer_widgets":"","ocean_shortcode_before_footer_bottom":"","ocean_shortcode_after_footer_bottom":"","ocean_display_top_bar":"default","ocean_display_header":"default","ocean_header_style":"","ocean_center_header_left_menu":"","ocean_custom_header_template":"","ocean_custom_logo":0,"ocean_custom_retina_logo":0,"ocean_custom_logo_max_width":0,"ocean_custom_logo_tablet_max_width":0,"ocean_custom_logo_mobile_max_width":0,"ocean_custom_logo_max_height":0,"ocean_custom_logo_tablet_max_height":0,"ocean_custom_logo_mobile_max_height":0,"ocean_header_custom_menu":"","ocean_menu_typo_font_family":"","ocean_menu_typo_font_subset":"","ocean_menu_typo_font_size":0,"ocean_menu_typo_font_size_tablet":0,"ocean_menu_typo_font_size_mobile":0,"ocean_menu_typo_font_size_unit":"px","ocean_menu_typo_font_weight":"","ocean_menu_typo_font_weight_tablet":"","ocean_menu_typo_font_weight_mobile":"","ocean_menu_typo_transform":"","ocean_menu_typo_transform_tablet":"","ocean_menu_typo_transform_mobile":"","ocean_menu_typo_line_height":0,"ocean_menu_typo_line_height_tablet":0,"ocean_menu_typo_line_height_mobile":0,"ocean_menu_typo_line_height_unit":"","ocean_menu_typo_spacing":0,"ocean_menu_typo_spacing_tablet":0,"ocean_menu_typo_spacing_mobile":0,"ocean_menu_typo_spacing_unit":"","ocean_menu_link_color":"","ocean_menu_link_color_hover":"","ocean_menu_link_color_active":"","ocean_menu_link_background":"","ocean_menu_link_hover_background":"","ocean_menu_link_active_background":"","ocean_menu_social_links_bg":"","ocean_menu_social_hover_links_bg":"","ocean_menu_social_links_color":"","ocean_menu_social_hover_links_color":"","ocean_disable_title":"default","ocean_disable_heading":"default","ocean_post_title":"","ocean_post_subheading":"","ocean_post_title_style":"","ocean_post_title_background_color":"","ocean_post_title_background":0,"ocean_post_title_bg_image_position":"","ocean_post_title_bg_image_attachment":"","ocean_post_title_bg_image_repeat":"","ocean_post_title_bg_image_size":"","ocean_post_title_height":0,"ocean_post_title_bg_overlay":0.5,"ocean_post_title_bg_overlay_color":"","ocean_disable_breadcrumbs":"default","ocean_breadcrumbs_color":"","ocean_breadcrumbs_separator_color":"","ocean_breadcrumbs_links_color":"","ocean_breadcrumbs_links_hover_color":"","ocean_display_footer_widgets":"default","ocean_display_footer_bottom":"default","ocean_custom_footer_template":"","footnotes":""},"class_list":["post-21","page","type-page","status-publish","hentry","entry"],"yoast_head":"<!-- This site is optimized with the Yoast SEO plugin v22.4 - https:\/\/yoast.com\/wordpress\/plugins\/seo\/ -->\n<title>Contact - BLOOME Media<\/title>\n<meta name=\"robots\" content=\"index, follow, max-snippet:-1, max-image-preview:large, max-video-preview:-1\" \/>\n<link rel=\"canonical\" href=\"https:\/\/bloome.media\/index.php\/contact\/\" \/>\n<meta property=\"og:locale\" content=\"en_US\" \/>\n<meta property=\"og:type\" content=\"article\" \/>\n<meta property=\"og:title\" content=\"Contact - BLOOME Media\" \/>\n<meta property=\"og:description\" content=\"D\u00e9veloppez votre projet \u00e0 nos c\u00f4t\u00e9s. Ecrivez-nous et recevez une r\u00e9ponse en moins de 24h. Nous contacter Vous \u00eates Entreprise Votre e-mail Sujet Message Envoyer If you are human, leave this field blank. Localisation Adresse : 16 rue cuvier, 69006, Lyon\" \/>\n<meta property=\"og:url\" content=\"https:\/\/bloome.media\/index.php\/contact\/\" \/>\n<meta property=\"og:site_name\" content=\"BLOOME Media\" \/>\n<meta property=\"article:modified_time\" content=\"2024-06-16T16:46:59+00:00\" \/>\n<meta property=\"og:image\" content=\"https:\/\/bloome.media\/wp-content\/uploads\/2024\/06\/Contact.jpg\" \/>\n<meta name=\"twitter:card\" content=\"summary_large_image\" \/>\n<meta name=\"twitter:label1\" content=\"Est. reading time\" \/>\n\t<meta name=\"twitter:data1\" content=\"1 minute\" \/>\n<script type=\"application\/ld+json\" class=\"yoast-schema-graph\">{\"@context\":\"https:\/\/schema.org\",\"@graph\":[{\"@type\":\"WebPage\",\"@id\":\"https:\/\/bloome.media\/index.php\/contact\/\",\"url\":\"https:\/\/bloome.media\/index.php\/contact\/\",\"name\":\"Contact - BLOOME Media\",\"isPartOf\":{\"@id\":\"https:\/\/bloome.media\/#website\"},\"primaryImageOfPage\":{\"@id\":\"https:\/\/bloome.media\/index.php\/contact\/#primaryimage\"},\"image\":{\"@id\":\"https:\/\/bloome.media\/index.php\/contact\/#primaryimage\"},\"thumbnailUrl\":\"https:\/\/bloome.media\/wp-content\/uploads\/2024\/06\/Contact.jpg\",\"datePublished\":\"2024-04-09T21:30:12+00:00\",\"dateModified\":\"2024-06-16T16:46:59+00:00\",\"breadcrumb\":{\"@id\":\"https:\/\/bloome.media\/index.php\/contact\/#breadcrumb\"},\"inLanguage\":\"en-US\",\"potentialAction\":[{\"@type\":\"ReadAction\",\"target\":[\"https:\/\/bloome.media\/index.php\/contact\/\"]}]},{\"@type\":\"ImageObject\",\"inLanguage\":\"en-US\",\"@id\":\"https:\/\/bloome.media\/index.php\/contact\/#primaryimage\",\"url\":\"https:\/\/bloome.media\/wp-content\/uploads\/2024\/06\/Contact.jpg\",\"contentUrl\":\"https:\/\/bloome.media\/wp-content\/uploads\/2024\/06\/Contact.jpg\",\"width\":1920,\"height\":1080},{\"@type\":\"BreadcrumbList\",\"@id\":\"https:\/\/bloome.media\/index.php\/contact\/#breadcrumb\",\"itemListElement\":[{\"@type\":\"ListItem\",\"position\":1,\"name\":\"Accueil\",\"item\":\"https:\/\/bloome.media\/\"},{\"@type\":\"ListItem\",\"position\":2,\"name\":\"Contact\"}]},{\"@type\":\"WebSite\",\"@id\":\"https:\/\/bloome.media\/#website\",\"url\":\"https:\/\/bloome.media\/\",\"name\":\"BLOOME Media\",\"description\":\"Bloom your audience.\",\"publisher\":{\"@id\":\"https:\/\/bloome.media\/#organization\"},\"potentialAction\":[{\"@type\":\"SearchAction\",\"target\":{\"@type\":\"EntryPoint\",\"urlTemplate\":\"https:\/\/bloome.media\/?s={search_term_string}\"},\"query-input\":\"required name=search_term_string\"}],\"inLanguage\":\"en-US\"},{\"@type\":\"Organization\",\"@id\":\"https:\/\/bloome.media\/#organization\",\"name\":\"BLOOME Media\",\"url\":\"https:\/\/bloome.media\/\",\"logo\":{\"@type\":\"ImageObject\",\"inLanguage\":\"en-US\",\"@id\":\"https:\/\/bloome.media\/#\/schema\/logo\/image\/\",\"url\":\"https:\/\/bloome.media\/wp-content\/uploads\/2024\/05\/cropped-cropped-Logo-Bloome-3.png\",\"contentUrl\":\"https:\/\/bloome.media\/wp-content\/uploads\/2024\/05\/cropped-cropped-Logo-Bloome-3.png\",\"width\":1563,\"height\":428,\"caption\":\"BLOOME Media\"},\"image\":{\"@id\":\"https:\/\/bloome.media\/#\/schema\/logo\/image\/\"}}]}<\/script>\n<!-- \/ Yoast SEO plugin. -->","yoast_head_json":{"title":"Contact - BLOOME Media","robots":{"index":"index","follow":"follow","max-snippet":"max-snippet:-1","max-image-preview":"max-image-preview:large","max-video-preview":"max-video-preview:-1"},"canonical":"https:\/\/bloome.media\/index.php\/contact\/","og_locale":"en_US","og_type":"article","og_title":"Contact - BLOOME Media","og_description":"D\u00e9veloppez votre projet \u00e0 nos c\u00f4t\u00e9s. Ecrivez-nous et recevez une r\u00e9ponse en moins de 24h. Nous contacter Vous \u00eates Entreprise Votre e-mail Sujet Message Envoyer If you are human, leave this field blank. Localisation Adresse : 16 rue cuvier, 69006, Lyon","og_url":"https:\/\/bloome.media\/index.php\/contact\/","og_site_name":"BLOOME Media","article_modified_time":"2024-06-16T16:46:59+00:00","og_image":[{"url":"https:\/\/bloome.media\/wp-content\/uploads\/2024\/06\/Contact.jpg"}],"twitter_card":"summary_large_image","twitter_misc":{"Est. reading time":"1 minute"},"schema":{"@context":"https:\/\/schema.org","@graph":[{"@type":"WebPage","@id":"https:\/\/bloome.media\/index.php\/contact\/","url":"https:\/\/bloome.media\/index.php\/contact\/","name":"Contact - BLOOME Media","isPartOf":{"@id":"https:\/\/bloome.media\/#website"},"primaryImageOfPage":{"@id":"https:\/\/bloome.media\/index.php\/contact\/#primaryimage"},"image":{"@id":"https:\/\/bloome.media\/index.php\/contact\/#primaryimage"},"thumbnailUrl":"https:\/\/bloome.media\/wp-content\/uploads\/2024\/06\/Contact.jpg","datePublished":"2024-04-09T21:30:12+00:00","dateModified":"2024-06-16T16:46:59+00:00","breadcrumb":{"@id":"https:\/\/bloome.media\/index.php\/contact\/#breadcrumb"},"inLanguage":"en-US","potentialAction":[{"@type":"ReadAction","target":["https:\/\/bloome.media\/index.php\/contact\/"]}]},{"@type":"ImageObject","inLanguage":"en-US","@id":"https:\/\/bloome.media\/index.php\/contact\/#primaryimage","url":"https:\/\/bloome.media\/wp-content\/uploads\/2024\/06\/Contact.jpg","contentUrl":"https:\/\/bloome.media\/wp-content\/uploads\/2024\/06\/Contact.jpg","width":1920,"height":1080},{"@type":"BreadcrumbList","@id":"https:\/\/bloome.media\/index.php\/contact\/#breadcrumb","itemListElement":[{"@type":"ListItem","position":1,"name":"Accueil","item":"https:\/\/bloome.media\/"},{"@type":"ListItem","position":2,"name":"Contact"}]},{"@type":"WebSite","@id":"https:\/\/bloome.media\/#website","url":"https:\/\/bloome.media\/","name":"BLOOME Media","description":"Bloom your audience.","publisher":{"@id":"https:\/\/bloome.media\/#organization"},"potentialAction":[{"@type":"SearchAction","target":{"@type":"EntryPoint","urlTemplate":"https:\/\/bloome.media\/?s={search_term_string}"},"query-input":"required name=search_term_string"}],"inLanguage":"en-US"},{"@type":"Organization","@id":"https:\/\/bloome.media\/#organization","name":"BLOOME Media","url":"https:\/\/bloome.media\/","logo":{"@type":"ImageObject","inLanguage":"en-US","@id":"https:\/\/bloome.media\/#\/schema\/logo\/image\/","url":"https:\/\/bloome.media\/wp-content\/uploads\/2024\/05\/cropped-cropped-Logo-Bloome-3.png","contentUrl":"https:\/\/bloome.media\/wp-content\/uploads\/2024\/05\/cropped-cropped-Logo-Bloome-3.png","width":1563,"height":428,"caption":"BLOOME Media"},"image":{"@id":"https:\/\/bloome.media\/#\/schema\/logo\/image\/"}}]}},"_links":{"self":[{"href":"https:\/\/bloome.media\/index.php\/wp-json\/wp\/v2\/pages\/21","targetHints":{"allow":["GET"]}}],"collection":[{"href":"https:\/\/bloome.media\/index.php\/wp-json\/wp\/v2\/pages"}],"about":[{"href":"https:\/\/bloome.media\/index.php\/wp-json\/wp\/v2\/types\/page"}],"author":[{"embeddable":true,"href":"https:\/\/bloome.media\/index.php\/wp-json\/wp\/v2\/users\/1"}],"replies":[{"embeddable":true,"href":"https:\/\/bloome.media\/index.php\/wp-json\/wp\/v2\/comments?post=21"}],"version-history":[{"count":181,"href":"https:\/\/bloome.media\/index.php\/wp-json\/wp\/v2\/pages\/21\/revisions"}],"predecessor-version":[{"id":1291,"href":"https:\/\/bloome.media\/index.php\/wp-json\/wp\/v2\/pages\/21\/revisions\/1291"}],"wp:attachment":[{"href":"https:\/\/bloome.media\/index.php\/wp-json\/wp\/v2\/media?parent=21"}],"curies":[{"name":"wp","href":"https:\/\/api.w.org\/{rel}","templated":true}]}}